{"id":30,"date":"2023-09-22T19:03:51","date_gmt":"2023-09-22T17:03:51","guid":{"rendered":"http:\/\/lavitrinedesindependants.fr\/?page_id=30"},"modified":"2025-04-15T19:08:57","modified_gmt":"2025-04-15T17:08:57","slug":"accueil","status":"publish","type":"page","link":"https:\/\/lavitrinedesindependants.fr\/","title":{"rendered":"Soyez visible"},"content":{"rendered":"\n<p class=\"has-text-align-center has-larger-font-size\"><em><strong>lieux <\/strong><\/em>| <em><strong>\u00e9v\u00e9nements | r\u00e9seaux<\/strong><\/em> | <em><strong>interviews<\/strong><\/em><\/p>\n\n\n<div class=\"wp-block-image\">\n<figure class=\"aligncenter size-full\"><a href=\"https:\/\/www.uneimpulsion.fr\/index.php\/interviews-impulsion\/\"><img loading=\"lazy\" decoding=\"async\" width=\"500\" height=\"500\" src=\"https:\/\/lavitrinedesindependants.fr\/wp-content\/uploads\/2025\/03\/Propulsez-votre-visibilite.jpg\" alt=\"\" class=\"wp-image-546\" srcset=\"https:\/\/lavitrinedesindependants.fr\/wp-content\/uploads\/2025\/03\/Propulsez-votre-visibilite.jpg 500w, https:\/\/lavitrinedesindependants.fr\/wp-content\/uploads\/2025\/03\/Propulsez-votre-visibilite-300x300.jpg 300w, https:\/\/lavitrinedesindependants.fr\/wp-content\/uploads\/2025\/03\/Propulsez-votre-visibilite-150x150.jpg 150w\" sizes=\"auto, (max-width: 500px) 100vw, 500px\" \/><\/a><\/figure>\n<\/div>\n\n\n<figure class=\"wp-block-image size-large\"><a href=\"https:\/\/www.uneimpulsion.fr\/index.php\/interviews-impulsion\/\"><img loading=\"lazy\" decoding=\"async\" width=\"1024\" height=\"256\" src=\"https:\/\/lavitrinedesindependants.fr\/wp-content\/uploads\/2025\/03\/LinkedIn41-1024x256.png\" alt=\"\" class=\"wp-image-575\" srcset=\"https:\/\/lavitrinedesindependants.fr\/wp-content\/uploads\/2025\/03\/LinkedIn41-1024x256.png 1024w, https:\/\/lavitrinedesindependants.fr\/wp-content\/uploads\/2025\/03\/LinkedIn41-300x75.png 300w, https:\/\/lavitrinedesindependants.fr\/wp-content\/uploads\/2025\/03\/LinkedIn41-768x192.png 768w, https:\/\/lavitrinedesindependants.fr\/wp-content\/uploads\/2025\/03\/LinkedIn41-1536x384.png 1536w, https:\/\/lavitrinedesindependants.fr\/wp-content\/uploads\/2025\/03\/LinkedIn41-1200x300.png 1200w, https:\/\/lavitrinedesindependants.fr\/wp-content\/uploads\/2025\/03\/LinkedIn41.png 1584w\" sizes=\"auto, (max-width: 1024px) 100vw, 1024px\" \/><\/a><\/figure>\n\n\n\n<p class=\"has-text-align-center\">Ce concept innovant, port\u00e9 par <a href=\"http:\/\/www.uneimpulsion.fr\">Une Impulsion<\/a> &amp; <a href=\"http:\/\/www.elodie-persehaie.com\">Elodie Persehaie<\/a>, a pour objectif de permettre aux ind\u00e9pendants d&rsquo;acqu\u00e9rir une plus grande visibilit\u00e9 et ainsi de d\u00e9velopper leur activit\u00e9.<br><\/p>\n","protected":false},"excerpt":{"rendered":"<p>lieux | \u00e9v\u00e9nements | r\u00e9seaux | interviews Ce concept innovant, port\u00e9 par Une Impulsion &amp; Elodie Persehaie, a pour objectif de permettre aux ind\u00e9pendants d&rsquo;acqu\u00e9rir une plus grande visibilit\u00e9 et ainsi de d\u00e9velopper leur activit\u00e9.<\/p>\n","protected":false},"author":1,"featured_media":0,"parent":0,"menu_order":0,"comment_status":"closed","ping_status":"closed","template":"","meta":{"footnotes":""},"class_list":["post-30","page","type-page","status-publish","hentry"],"_links":{"self":[{"href":"https:\/\/lavitrinedesindependants.fr\/index.php\/wp-json\/wp\/v2\/pages\/30","targetHints":{"allow":["GET"]}}],"collection":[{"href":"https:\/\/lavitrinedesindependants.fr\/index.php\/wp-json\/wp\/v2\/pages"}],"about":[{"href":"https:\/\/lavitrinedesindependants.fr\/index.php\/wp-json\/wp\/v2\/types\/page"}],"author":[{"embeddable":true,"href":"https:\/\/lavitrinedesindependants.fr\/index.php\/wp-json\/wp\/v2\/users\/1"}],"replies":[{"embeddable":true,"href":"https:\/\/lavitrinedesindependants.fr\/index.php\/wp-json\/wp\/v2\/comments?post=30"}],"version-history":[{"count":76,"href":"https:\/\/lavitrinedesindependants.fr\/index.php\/wp-json\/wp\/v2\/pages\/30\/revisions"}],"predecessor-version":[{"id":578,"href":"https:\/\/lavitrinedesindependants.fr\/index.php\/wp-json\/wp\/v2\/pages\/30\/revisions\/578"}],"wp:attachment":[{"href":"https:\/\/lavitrinedesindependants.fr\/index.php\/wp-json\/wp\/v2\/media?parent=30"}],"curies":[{"name":"wp","href":"https:\/\/api.w.org\/{rel}","templated":true}]}}